{"id":1974,"date":"2024-03-26T14:42:46","date_gmt":"2024-03-26T13:42:46","guid":{"rendered":"https:\/\/www.naturalvi.com\/intercalaires-naturalplus\/"},"modified":"2024-06-27T16:02:39","modified_gmt":"2024-06-27T14:02:39","slug":"naturalplus","status":"publish","type":"page","link":"https:\/\/www.naturalvi.com\/en\/interlayer\/naturalplus\/","title":{"rendered":"Naturalplus"},"content":{"rendered":"\n<div style=\"height:45px\" aria-hidden=\"true\" class=\"wp-block-spacer\"><\/div>\n\n\n\n<div class=\"wp-block-columns is-layout-flex wp-container-core-columns-is-layout-9d6595d7 wp-block-columns-is-layout-flex\">\n<div class=\"wp-block-column is-layout-flow wp-block-column-is-layout-flow\">\n<h2 class=\"wp-block-heading\">Simplify your storage<\/h2>\n\n\n\n<p>The Naturalplus kraft paper separator is versatile, adapting to all forms of fresh fruit and vegetables thanks to its original packaging made in positive or negative half-spheres. It can be used as a bottom, middle, or top layer in crates, offering maximum flexibility in usage. Moreover, this versatility allows for a single reference to serve multiple purposes, simplifying stock management.<\/p>\n<\/div>\n\n\n\n<div class=\"wp-block-column is-layout-flow wp-block-column-is-layout-flow\">\n<h2 class=\"wp-block-heading\">Optimize Preservation<\/h2>\n\n\n\n<p>\u00c9labor\u00e9 pour une r\u00e9colte \u00e0 parfaite maturit\u00e9, <strong>l&#8217;intercalaire en papier kraft Naturalplus de Naturalvi<\/strong> assure la pr\u00e9servation de l&#8217;humidit\u00e9 tout en favorisant une ventilation optimale et un maintien hygrom\u00e9trique id\u00e9al.<\/p>\n<\/div>\n<\/div>\n\n\n\n<div style=\"height:15px\" aria-hidden=\"true\" class=\"wp-block-spacer\"><\/div>\n\n\n\n<div class=\"wp-block-columns is-layout-flex wp-container-core-columns-is-layout-9d6595d7 wp-block-columns-is-layout-flex\">\n<div class=\"wp-block-column is-layout-flow wp-block-column-is-layout-flow\">\n<h2 class=\"wp-block-heading\">Enhance Your Image<\/h2>\n\n\n\n<p>The Naturalplus kraft paper interlayer offers complete customization. Your brand, logo, or message can be printed up to four colors, adding a personalized touch to your packaging. This packaging solution ensures adequate protection while highlighting the visual quality of your products, which is essential for attracting customer attention and boosting sales.<\/p>\n<\/div>\n\n\n\n<div class=\"wp-block-column is-layout-flow wp-block-column-is-layout-flow\">\n<h2 class=\"wp-block-heading\">Natural Packaging and Conditioning<\/h2>\n\n\n\n<ul class=\"wp-block-list\">\n<li><strong>100% fully recyclable organic packaging<\/strong><\/li>\n\n\n\n<li><strong>Made from kraft paper,<\/strong> the Naturalplus interlayer meets the rigorous standards of the organic sector. Its easy recyclability and biodegradability actively contribute to environmental preservation.<\/li>\n<\/ul>\n<\/div>\n<\/div>\n\n\n\n<div style=\"height:25px\" aria-hidden=\"true\" class=\"wp-block-spacer\"><\/div>\n\n\n\n<div class=\"wp-block-columns is-layout-flex wp-container-core-columns-is-layout-9d6595d7 wp-block-columns-is-layout-flex\">\n<div class=\"wp-block-column is-layout-flow wp-block-column-is-layout-flow\">\n<figure class=\"wp-block-image size-full\"><img decoding=\"async\" width=\"341\" height=\"440\" src=\"https:\/\/www.naturalvi.com\/wp-content\/uploads\/2024\/03\/Rectangle-59.jpg\" alt=\"\" class=\"wp-image-103\"\/><\/figure>\n<\/div>\n\n\n\n<div class=\"wp-block-column is-layout-flow wp-block-column-is-layout-flow\">\n<figure class=\"wp-block-image size-full\"><img decoding=\"async\" width=\"341\" height=\"440\" src=\"https:\/\/www.naturalvi.com\/wp-content\/uploads\/2024\/04\/Naturalvi-Emballage-Legumes.jpg\" alt=\"\" class=\"wp-image-809\" srcset=\"https:\/\/www.naturalvi.com\/wp-content\/uploads\/2024\/04\/Naturalvi-Emballage-Legumes.jpg 341w, https:\/\/www.naturalvi.com\/wp-content\/uploads\/2024\/04\/Naturalvi-Emballage-Legumes-194x250.jpg 194w, https:\/\/www.naturalvi.com\/wp-content\/uploads\/2024\/04\/Naturalvi-Emballage-Legumes-306x395.jpg 306w\" sizes=\"(max-width: 341px) 100vw, 341px\" \/><\/figure>\n<\/div>\n\n\n\n<div class=\"wp-block-column is-layout-flow wp-block-column-is-layout-flow\">\n<figure class=\"wp-block-image size-full\"><img decoding=\"async\" width=\"341\" height=\"440\" src=\"https:\/\/www.naturalvi.com\/wp-content\/uploads\/2024\/04\/Naturalvi-Emballage-Chocolat.jpg\" alt=\"\" class=\"wp-image-811\" srcset=\"https:\/\/www.naturalvi.com\/wp-content\/uploads\/2024\/04\/Naturalvi-Emballage-Chocolat.jpg 341w, https:\/\/www.naturalvi.com\/wp-content\/uploads\/2024\/04\/Naturalvi-Emballage-Chocolat-194x250.jpg 194w, https:\/\/www.naturalvi.com\/wp-content\/uploads\/2024\/04\/Naturalvi-Emballage-Chocolat-306x395.jpg 306w\" sizes=\"(max-width: 341px) 100vw, 341px\" \/><\/figure>\n<\/div>\n<\/div>\n","protected":false},"excerpt":{"rendered":"<p>The Naturalplus kraft paper separator has been meticulously designed with the overriding aim of ensuring optimum protection for your fruit and vegetables on their journey to their final destination. Its role is not only to preserve the quality and freshness of produce, but also to enhance its presentation once it reaches the shelves.<\/p>\n","protected":false},"author":1,"featured_media":1975,"parent":2261,"menu_order":40,"comment_status":"closed","ping_status":"closed","template":"","meta":{"_acf_changed":false,"footnotes":""},"class_list":["post-1974","page","type-page","status-publish","has-post-thumbnail","hentry"],"acf":[],"yoast_head":"<!-- This site is optimized with the Yoast SEO plugin v27.4 - https:\/\/yoast.com\/product\/yoast-seo-wordpress\/ -->\n<title>Naturalplus - Naturalvi<\/title>\n<meta name=\"description\" content=\"Simplify storage, optimize preservation and enhance your image with our NaturalPlus solution!\" \/>\n<meta name=\"robots\" content=\"index, follow, max-snippet:-1, max-image-preview:large, max-video-preview:-1\" \/>\n<link rel=\"canonical\" href=\"https:\/\/www.naturalvi.com\/en\/interlayer\/naturalplus\/\" \/>\n<meta property=\"og:locale\" content=\"en_US\" \/>\n<meta property=\"og:type\" content=\"article\" \/>\n<meta property=\"og:title\" content=\"Naturalplus - Naturalvi\" \/>\n<meta property=\"og:description\" content=\"Simplify storage, optimize preservation and enhance your image with our NaturalPlus solution!\" \/>\n<meta property=\"og:url\" content=\"https:\/\/www.naturalvi.com\/en\/interlayer\/naturalplus\/\" \/>\n<meta property=\"og:site_name\" content=\"Naturalvi\" \/>\n<meta property=\"article:publisher\" content=\"https:\/\/www.facebook.com\/naturalviSARL\/\" \/>\n<meta property=\"article:modified_time\" content=\"2024-06-27T14:02:39+00:00\" \/>\n<meta property=\"og:image\" content=\"https:\/\/www.naturalvi.com\/wp-content\/uploads\/2024\/04\/Naturalvi-Emballage-Naturalplus.jpg\" \/>\n\t<meta property=\"og:image:width\" content=\"1200\" \/>\n\t<meta property=\"og:image:height\" content=\"727\" \/>\n\t<meta property=\"og:image:type\" content=\"image\/jpeg\" \/>\n<meta name=\"twitter:card\" content=\"summary_large_image\" \/>\n<meta name=\"twitter:label1\" content=\"Est. reading time\" \/>\n\t<meta name=\"twitter:data1\" content=\"2 minutes\" \/>\n<script type=\"application\/ld+json\" class=\"yoast-schema-graph\">{\"@context\":\"https:\\\/\\\/schema.org\",\"@graph\":[{\"@type\":\"WebPage\",\"@id\":\"https:\\\/\\\/www.naturalvi.com\\\/en\\\/interlayer\\\/naturalplus\\\/\",\"url\":\"https:\\\/\\\/www.naturalvi.com\\\/en\\\/interlayer\\\/naturalplus\\\/\",\"name\":\"Naturalplus - Naturalvi\",\"isPartOf\":{\"@id\":\"https:\\\/\\\/www.naturalvi.com\\\/#website\"},\"primaryImageOfPage\":{\"@id\":\"https:\\\/\\\/www.naturalvi.com\\\/en\\\/interlayer\\\/naturalplus\\\/#primaryimage\"},\"image\":{\"@id\":\"https:\\\/\\\/www.naturalvi.com\\\/en\\\/interlayer\\\/naturalplus\\\/#primaryimage\"},\"thumbnailUrl\":\"https:\\\/\\\/www.naturalvi.com\\\/wp-content\\\/uploads\\\/2024\\\/04\\\/Naturalvi-Emballage-Naturalplus.jpg\",\"datePublished\":\"2024-03-26T13:42:46+00:00\",\"dateModified\":\"2024-06-27T14:02:39+00:00\",\"description\":\"Simplify storage, optimize preservation and enhance your image with our NaturalPlus solution!\",\"breadcrumb\":{\"@id\":\"https:\\\/\\\/www.naturalvi.com\\\/en\\\/interlayer\\\/naturalplus\\\/#breadcrumb\"},\"inLanguage\":\"en-US\",\"potentialAction\":[{\"@type\":\"ReadAction\",\"target\":[\"https:\\\/\\\/www.naturalvi.com\\\/en\\\/interlayer\\\/naturalplus\\\/\"]}]},{\"@type\":\"ImageObject\",\"inLanguage\":\"en-US\",\"@id\":\"https:\\\/\\\/www.naturalvi.com\\\/en\\\/interlayer\\\/naturalplus\\\/#primaryimage\",\"url\":\"https:\\\/\\\/www.naturalvi.com\\\/wp-content\\\/uploads\\\/2024\\\/04\\\/Naturalvi-Emballage-Naturalplus.jpg\",\"contentUrl\":\"https:\\\/\\\/www.naturalvi.com\\\/wp-content\\\/uploads\\\/2024\\\/04\\\/Naturalvi-Emballage-Naturalplus.jpg\",\"width\":1200,\"height\":727},{\"@type\":\"BreadcrumbList\",\"@id\":\"https:\\\/\\\/www.naturalvi.com\\\/en\\\/interlayer\\\/naturalplus\\\/#breadcrumb\",\"itemListElement\":[{\"@type\":\"ListItem\",\"position\":1,\"name\":\"Accueil\",\"item\":\"https:\\\/\\\/www.naturalvi.com\\\/en\\\/\"},{\"@type\":\"ListItem\",\"position\":2,\"name\":\"Interlayer\",\"item\":\"https:\\\/\\\/www.naturalvi.com\\\/en\\\/interlayer\\\/\"},{\"@type\":\"ListItem\",\"position\":3,\"name\":\"Naturalplus\"}]},{\"@type\":\"WebSite\",\"@id\":\"https:\\\/\\\/www.naturalvi.com\\\/#website\",\"url\":\"https:\\\/\\\/www.naturalvi.com\\\/\",\"name\":\"Naturalvi\",\"description\":\"\",\"publisher\":{\"@id\":\"https:\\\/\\\/www.naturalvi.com\\\/#organization\"},\"potentialAction\":[{\"@type\":\"SearchAction\",\"target\":{\"@type\":\"EntryPoint\",\"urlTemplate\":\"https:\\\/\\\/www.naturalvi.com\\\/?s={search_term_string}\"},\"query-input\":{\"@type\":\"PropertyValueSpecification\",\"valueRequired\":true,\"valueName\":\"search_term_string\"}}],\"inLanguage\":\"en-US\"},{\"@type\":\"Organization\",\"@id\":\"https:\\\/\\\/www.naturalvi.com\\\/#organization\",\"name\":\"Naturalvi\",\"url\":\"https:\\\/\\\/www.naturalvi.com\\\/\",\"logo\":{\"@type\":\"ImageObject\",\"inLanguage\":\"en-US\",\"@id\":\"https:\\\/\\\/www.naturalvi.com\\\/#\\\/schema\\\/logo\\\/image\\\/\",\"url\":\"https:\\\/\\\/www.naturalvi.com\\\/wp-content\\\/uploads\\\/2024\\\/06\\\/logo-naturalvi.png\",\"contentUrl\":\"https:\\\/\\\/www.naturalvi.com\\\/wp-content\\\/uploads\\\/2024\\\/06\\\/logo-naturalvi.png\",\"width\":333,\"height\":151,\"caption\":\"Naturalvi\"},\"image\":{\"@id\":\"https:\\\/\\\/www.naturalvi.com\\\/#\\\/schema\\\/logo\\\/image\\\/\"},\"sameAs\":[\"https:\\\/\\\/www.facebook.com\\\/naturalviSARL\\\/\",\"https:\\\/\\\/www.linkedin.com\\\/company\\\/naturalvi\\\/\"]}]}<\/script>\n<!-- \/ Yoast SEO plugin. -->","yoast_head_json":{"title":"Naturalplus - Naturalvi","description":"Simplify storage, optimize preservation and enhance your image with our NaturalPlus solution!","robots":{"index":"index","follow":"follow","max-snippet":"max-snippet:-1","max-image-preview":"max-image-preview:large","max-video-preview":"max-video-preview:-1"},"canonical":"https:\/\/www.naturalvi.com\/en\/interlayer\/naturalplus\/","og_locale":"en_US","og_type":"article","og_title":"Naturalplus - Naturalvi","og_description":"Simplify storage, optimize preservation and enhance your image with our NaturalPlus solution!","og_url":"https:\/\/www.naturalvi.com\/en\/interlayer\/naturalplus\/","og_site_name":"Naturalvi","article_publisher":"https:\/\/www.facebook.com\/naturalviSARL\/","article_modified_time":"2024-06-27T14:02:39+00:00","og_image":[{"width":1200,"height":727,"url":"https:\/\/www.naturalvi.com\/wp-content\/uploads\/2024\/04\/Naturalvi-Emballage-Naturalplus.jpg","type":"image\/jpeg"}],"twitter_card":"summary_large_image","twitter_misc":{"Est. reading time":"2 minutes"},"schema":{"@context":"https:\/\/schema.org","@graph":[{"@type":"WebPage","@id":"https:\/\/www.naturalvi.com\/en\/interlayer\/naturalplus\/","url":"https:\/\/www.naturalvi.com\/en\/interlayer\/naturalplus\/","name":"Naturalplus - Naturalvi","isPartOf":{"@id":"https:\/\/www.naturalvi.com\/#website"},"primaryImageOfPage":{"@id":"https:\/\/www.naturalvi.com\/en\/interlayer\/naturalplus\/#primaryimage"},"image":{"@id":"https:\/\/www.naturalvi.com\/en\/interlayer\/naturalplus\/#primaryimage"},"thumbnailUrl":"https:\/\/www.naturalvi.com\/wp-content\/uploads\/2024\/04\/Naturalvi-Emballage-Naturalplus.jpg","datePublished":"2024-03-26T13:42:46+00:00","dateModified":"2024-06-27T14:02:39+00:00","description":"Simplify storage, optimize preservation and enhance your image with our NaturalPlus solution!","breadcrumb":{"@id":"https:\/\/www.naturalvi.com\/en\/interlayer\/naturalplus\/#breadcrumb"},"inLanguage":"en-US","potentialAction":[{"@type":"ReadAction","target":["https:\/\/www.naturalvi.com\/en\/interlayer\/naturalplus\/"]}]},{"@type":"ImageObject","inLanguage":"en-US","@id":"https:\/\/www.naturalvi.com\/en\/interlayer\/naturalplus\/#primaryimage","url":"https:\/\/www.naturalvi.com\/wp-content\/uploads\/2024\/04\/Naturalvi-Emballage-Naturalplus.jpg","contentUrl":"https:\/\/www.naturalvi.com\/wp-content\/uploads\/2024\/04\/Naturalvi-Emballage-Naturalplus.jpg","width":1200,"height":727},{"@type":"BreadcrumbList","@id":"https:\/\/www.naturalvi.com\/en\/interlayer\/naturalplus\/#breadcrumb","itemListElement":[{"@type":"ListItem","position":1,"name":"Accueil","item":"https:\/\/www.naturalvi.com\/en\/"},{"@type":"ListItem","position":2,"name":"Interlayer","item":"https:\/\/www.naturalvi.com\/en\/interlayer\/"},{"@type":"ListItem","position":3,"name":"Naturalplus"}]},{"@type":"WebSite","@id":"https:\/\/www.naturalvi.com\/#website","url":"https:\/\/www.naturalvi.com\/","name":"Naturalvi","description":"","publisher":{"@id":"https:\/\/www.naturalvi.com\/#organization"},"potentialAction":[{"@type":"SearchAction","target":{"@type":"EntryPoint","urlTemplate":"https:\/\/www.naturalvi.com\/?s={search_term_string}"},"query-input":{"@type":"PropertyValueSpecification","valueRequired":true,"valueName":"search_term_string"}}],"inLanguage":"en-US"},{"@type":"Organization","@id":"https:\/\/www.naturalvi.com\/#organization","name":"Naturalvi","url":"https:\/\/www.naturalvi.com\/","logo":{"@type":"ImageObject","inLanguage":"en-US","@id":"https:\/\/www.naturalvi.com\/#\/schema\/logo\/image\/","url":"https:\/\/www.naturalvi.com\/wp-content\/uploads\/2024\/06\/logo-naturalvi.png","contentUrl":"https:\/\/www.naturalvi.com\/wp-content\/uploads\/2024\/06\/logo-naturalvi.png","width":333,"height":151,"caption":"Naturalvi"},"image":{"@id":"https:\/\/www.naturalvi.com\/#\/schema\/logo\/image\/"},"sameAs":["https:\/\/www.facebook.com\/naturalviSARL\/","https:\/\/www.linkedin.com\/company\/naturalvi\/"]}]}},"_links":{"self":[{"href":"https:\/\/www.naturalvi.com\/en\/wp-json\/wp\/v2\/pages\/1974","targetHints":{"allow":["GET"]}}],"collection":[{"href":"https:\/\/www.naturalvi.com\/en\/wp-json\/wp\/v2\/pages"}],"about":[{"href":"https:\/\/www.naturalvi.com\/en\/wp-json\/wp\/v2\/types\/page"}],"author":[{"embeddable":true,"href":"https:\/\/www.naturalvi.com\/en\/wp-json\/wp\/v2\/users\/1"}],"replies":[{"embeddable":true,"href":"https:\/\/www.naturalvi.com\/en\/wp-json\/wp\/v2\/comments?post=1974"}],"version-history":[{"count":5,"href":"https:\/\/www.naturalvi.com\/en\/wp-json\/wp\/v2\/pages\/1974\/revisions"}],"predecessor-version":[{"id":1983,"href":"https:\/\/www.naturalvi.com\/en\/wp-json\/wp\/v2\/pages\/1974\/revisions\/1983"}],"up":[{"embeddable":true,"href":"https:\/\/www.naturalvi.com\/en\/wp-json\/wp\/v2\/pages\/2261"}],"wp:featuredmedia":[{"embeddable":true,"href":"https:\/\/www.naturalvi.com\/en\/wp-json\/wp\/v2\/media\/1975"}],"wp:attachment":[{"href":"https:\/\/www.naturalvi.com\/en\/wp-json\/wp\/v2\/media?parent=1974"}],"curies":[{"name":"wp","href":"https:\/\/api.w.org\/{rel}","templated":true}]}}