{"id":2009,"date":"2024-04-08T15:02:04","date_gmt":"2024-04-08T13:02:04","guid":{"rendered":"https:\/\/www.naturalvi.com\/mentions-legales\/"},"modified":"2024-06-27T15:45:13","modified_gmt":"2024-06-27T13:45:13","slug":"legal-information","status":"publish","type":"page","link":"https:\/\/www.naturalvi.com\/en\/legal-information\/","title":{"rendered":"Legal Information"},"content":{"rendered":"\n<div class=\"wp-block-columns is-layout-flex wp-container-core-columns-is-layout-9d6595d7 wp-block-columns-is-layout-flex\">\n<div class=\"wp-block-column is-layout-flow wp-block-column-is-layout-flow\">\n<p>Naturalvi is a SARL company with a capital of&nbsp; 445000,00 \u20ac,42871999100021 RCS Paris<br>Headquartered at Rue de la gare \u2013 ZI de la Moder, Schweighouse sur Moder (registered under number 501 675 417 at the Strasbourg Trade and Companies Registry).<\/p>\n\n\n\n<p>Publication director:&nbsp;Anne Baumuller<br>Phone:(+33) 3 88 07 27 80<br>email&nbsp;: &nbsp;<a href=\"mailto:info@naturalvi.com\" target=\"_blank\" rel=\"noreferrer noopener\"><strong>info@naturalvi.com<\/strong><\/a><\/p>\n\n\n\n<p>Le site&nbsp;<a href=\"https:\/\/www.naturalvi.com\/\"><strong>www.naturalvi.com<\/strong><\/a>&nbsp;est h\u00e9berg\u00e9 par la soci\u00e9t\u00e9 Idealice au capital de 5000 \u20ac domicili\u00e9e 2B, All\u00e9e des Romains \u00e0 WOLFISHEIM (67202). La structure g\u00e9n\u00e9rale, ainsi que les textes, images anim\u00e9es ou fixes, sons, graphismes, documents t\u00e9l\u00e9chargeables, bases de donn\u00e9es et tout autre \u00e9l\u00e9ment composant le site sont la propri\u00e9t\u00e9 exclusive de la soci\u00e9t\u00e9 Naturalvi.<\/p>\n\n\n\n<p>L\u2019ensemble de ce site rel\u00e8ve de la l\u00e9gislation fran\u00e7aise et internationale sur les droits d\u2019auteur et de la propri\u00e9t\u00e9 intellectuelle. Les noms, marques et enseignes cit\u00e9s sur ce site sont la propri\u00e9t\u00e9 de leurs d\u00e9posants respectifs. Toute utilisation ou reproduction, totale ou partielle, du site, des \u00e9l\u00e9ments qui le composent et\/ou des informations qui y figurent, par quelque proc\u00e9d\u00e9 que ce soit, constitue une contrefa\u00e7on sanctionn\u00e9e par le Code de la propri\u00e9t\u00e9 intellectuelle.<\/p>\n\n\n\n<p>Toutefois, les informations propres \u00e0 ce Site peuvent \u00eatre utilis\u00e9es par des tiers dans les conditions suivantes : toutes les informations diffus\u00e9es directement sur le site par la soci\u00e9t\u00e9 Naturalvi, \u00e0 l\u2019exception de l\u2019iconographie, des photos, vid\u00e9os, affiches, logos et marques, pourront \u00eatre reproduites, repr\u00e9sent\u00e9es ou rediffus\u00e9es par des tiers apr\u00e8s une simple information pr\u00e9alable du webmaster, \u00e0 condition d\u2019en mentionner la source. Elles ne pourront toutefois \u00eatre utilis\u00e9es \u00e0 des fins ni commerciales ni publicitaires. La soci\u00e9t\u00e9 Naturalvi se r\u00e9serve la possibilit\u00e9, \u00e0 tout moment, sans pr\u00e9avis et sans avoir \u00e0 motiver sa d\u00e9cision, d\u2019interdire aux tiers concern\u00e9s l\u2019utilisation des informations telles que d\u00e9finies ci-avant. Dans ce cas, elle informera la personne concern\u00e9e qui disposera de 8 jours ouvr\u00e9s pour mettre fin \u00e0 ses pratiques.<\/p>\n\n\n\n<p>La soci\u00e9t\u00e9 Naturalvi et son logo sont des marques d\u00e9pos\u00e9es et prot\u00e9g\u00e9es \u00e0 ce titre par le droit des marques. Elles sont la propri\u00e9t\u00e9 exclusive de la soci\u00e9t\u00e9 Naturalvi. Toutes les autres marques cit\u00e9es appartiennent \u00e0 leurs propri\u00e9taires exclusifs.<\/p>\n\n\n\n<div style=\"height:15px\" aria-hidden=\"true\" class=\"wp-block-spacer\"><\/div>\n\n\n\n<hr class=\"wp-block-separator has-alpha-channel-opacity\"\/>\n\n\n\n<div style=\"height:15px\" aria-hidden=\"true\" class=\"wp-block-spacer\"><\/div>\n\n\n\n<h2 class=\"wp-block-heading\">Copyright<\/h2>\n\n\n\n<p>This entire site is governed by French and international copyright and industrial property laws. All reproduction rights are reserved. Complete or partial reproduction of this site on any medium whatsoever is strictly forbidden without the express authorization of Naturalvi.<\/p>\n\n\n\n<div style=\"height:15px\" aria-hidden=\"true\" class=\"wp-block-spacer\"><\/div>\n\n\n\n<hr class=\"wp-block-separator has-alpha-channel-opacity\"\/>\n\n\n\n<div style=\"height:15px\" aria-hidden=\"true\" class=\"wp-block-spacer\"><\/div>\n\n\n\n<h2 class=\"wp-block-heading\">E-mail privacy<\/h2>\n\n\n\n<p>For all emails sent to Naturalvi, please note that :<\/p>\n\n\n\n<ul class=\"wp-block-list\">\n<li>The confidentiality of correspondence transmitted via the Internet is not guaranteed,<\/li>\n\n\n\n<li>E-mails are kept on computer for the time needed by the administration to process your request.<\/li>\n<\/ul>\n\n\n\n<div style=\"height:15px\" aria-hidden=\"true\" class=\"wp-block-spacer\"><\/div>\n\n\n\n<hr class=\"wp-block-separator has-alpha-channel-opacity\"\/>\n\n\n\n<div style=\"height:15px\" aria-hidden=\"true\" class=\"wp-block-spacer\"><\/div>\n\n\n\n<h2 class=\"wp-block-heading\">Use of cookies<\/h2>\n\n\n\n<p>Internet users are informed that when they visit the site, a &#8220;cookie&#8221; may be automatically installed on their browser. A &#8220;cookie&#8221; is a block of data which does not allow the user to be identified, but which is used to record information relating to the user&#8217;s browsing on the site.<\/p>\n\n\n\n<p>This process is intended to enable Naturalvi to track users as they navigate through the <a href=\"https:\/\/www.naturalvi.com\/\"><strong>www.naturalvi.com<\/strong><\/a> site, in order to better meet their needs and expectations.<\/p>\n\n\n\n<p>Users may prevent the use of cookies by deactivating this option in their browser settings.<\/p>\n\n\n\n<div style=\"height:15px\" aria-hidden=\"true\" class=\"wp-block-spacer\"><\/div>\n\n\n\n<hr class=\"wp-block-separator has-alpha-channel-opacity\"\/>\n\n\n\n<div style=\"height:15px\" aria-hidden=\"true\" class=\"wp-block-spacer\"><\/div>\n\n\n\n<h2 class=\"wp-block-heading\">Hyperlinks<\/h2>\n\n\n\n<p>The Naturalvi company authorizes any website to establish a link to the <a href=\"https:\/\/www.naturalvi.com\/\"><strong>www.naturalvi.com<\/strong><\/a> address after simply informing the publication manager. Any such link is subject to the legal provisions in force. Naturalvi reserves the right to prohibit such links at any time, without prior notice and without having to justify its decision. In this case, Naturalvi will inform the person concerned, who will have 2 working days to remove the link.<\/p>\n\n\n\n<div style=\"height:15px\" aria-hidden=\"true\" class=\"wp-block-spacer\"><\/div>\n\n\n\n<hr class=\"wp-block-separator has-alpha-channel-opacity\"\/>\n\n\n\n<div style=\"height:15px\" aria-hidden=\"true\" class=\"wp-block-spacer\"><\/div>\n\n\n\n<h2 class=\"wp-block-heading\">No mirroring<\/h2>\n\n\n\n<p>The Site may not be put online by a third party under another URL.<\/p>\n\n\n\n<div style=\"height:15px\" aria-hidden=\"true\" class=\"wp-block-spacer\"><\/div>\n\n\n\n<hr class=\"wp-block-separator has-alpha-channel-opacity\"\/>\n\n\n\n<div style=\"height:15px\" aria-hidden=\"true\" class=\"wp-block-spacer\"><\/div>\n\n\n\n<h2 class=\"wp-block-heading\">Applicable law<\/h2>\n\n\n\n<p>These conditions of use are governed, interpreted and applied in accordance with French law. In the event of a dispute, the French courts shall have exclusive jurisdiction.<\/p>\n\n\n\n<div style=\"height:15px\" aria-hidden=\"true\" class=\"wp-block-spacer\"><\/div>\n\n\n\n<hr class=\"wp-block-separator has-alpha-channel-opacity\"\/>\n\n\n\n<div style=\"height:15px\" aria-hidden=\"true\" class=\"wp-block-spacer\"><\/div>\n\n\n\n<h2 class=\"wp-block-heading\">Declaration<\/h2>\n\n\n\n<p>In accordance with the provisions of the French Data Protection Act no. 78-17 of January 6, 1978, the automated processing of nominative data from the Site has been declared to the Commission Nationale de l&#8217;Informatique et des Libert\u00e9s (CNIL), which has issued a receipt.<\/p>\n\n\n\n<div style=\"height:15px\" aria-hidden=\"true\" class=\"wp-block-spacer\"><\/div>\n\n\n\n<hr class=\"wp-block-separator has-alpha-channel-opacity\"\/>\n\n\n\n<div style=\"height:15px\" aria-hidden=\"true\" class=\"wp-block-spacer\"><\/div>\n\n\n\n<h2 class=\"wp-block-heading\">Personal information<\/h2>\n\n\n\n<p>The <a href=\"https:\/\/www.naturalvi.com\/\"><strong>www.naturalvi.com<\/strong><\/a> website, as initially conceived, is not intended to collect personal data on its visitors. It may, however, be necessary to do so on an incidental basis, in particular to send a newsletter, to carry out statistical studies or to answer questions put directly to the site administrator.<\/p>\n\n\n\n<p>In such cases, Naturalvi undertakes not to make any commercial use of the data with third parties, and to keep it only for as long as is strictly necessary for the purpose of processing.<\/p>\n\n\n\n<p>The data collected is intended solely for the use of Naturalvi and its subcontractors in the performance of their duties (in particular, the site host). Any subcontractor who comes into contact with this data will be bound by an obligation of confidentiality. In particular, subcontractors must refrain from using personal data for their own purposes, or from disclosing all or part of such data to third parties.<\/p>\n\n\n\n<p>Right of access and rectification: On this site, Internet users may be asked to provide personal data that may be subject to automated processing. If this is the case, in accordance with the French Data Protection Act 78-17 of January 6, 1978 (article 34), persons whose personal data is collected have the right to access, modify, rectify and delete such data. This right may be exercised by contacting the webmaster at the following address: <a href=\"mailto:info@naturalvi.com\"><strong>info@naturalvi.com<\/strong><\/a><\/p>\n\n\n\n<p>In addition, where data on this site is of a nominative nature, users must use it in accordance with current regulations and CNIL recommendations.<\/p>\n\n\n\n<div style=\"height:15px\" aria-hidden=\"true\" class=\"wp-block-spacer\"><\/div>\n\n\n\n<hr class=\"wp-block-separator has-alpha-channel-opacity\"\/>\n\n\n\n<div style=\"height:15px\" aria-hidden=\"true\" class=\"wp-block-spacer\"><\/div>\n\n\n\n<h2 class=\"wp-block-heading\">Credits<\/h2>\n\n\n\n<p>Cr\u00e9dit photo: iStock \u2013 Agence Idealice \u2013 Naturalvi.<br>Some images are generated using artificial intelligence<br><br>Concept and hosting:\u00a0<a href=\"https:\/\/www.pulsemedia.fr\/\"><strong>Agence de communication digitale Idealice<\/strong><\/a><\/p>\n<\/div>\n<\/div>\n","protected":false},"excerpt":{"rendered":"<p>D\u00e9couvrez <strong>nos mentions l\u00e9gales<\/strong><\/p>\n","protected":false},"author":2,"featured_media":0,"parent":0,"menu_order":13,"comment_status":"closed","ping_status":"closed","template":"","meta":{"_acf_changed":false,"footnotes":""},"class_list":["post-2009","page","type-page","status-publish","hentry"],"acf":[],"yoast_head":"<!-- This site is optimized with the Yoast SEO plugin v27.5 - https:\/\/yoast.com\/product\/yoast-seo-wordpress\/ -->\n<title>Legal Information - Naturalvi<\/title>\n<meta name=\"description\" content=\"Legal information about Naturalvi :\" \/>\n<meta name=\"robots\" content=\"index, follow, max-snippet:-1, max-image-preview:large, max-video-preview:-1\" \/>\n<link rel=\"canonical\" href=\"https:\/\/www.naturalvi.com\/en\/legal-information\/\" \/>\n<meta property=\"og:locale\" content=\"en_US\" \/>\n<meta property=\"og:type\" content=\"article\" \/>\n<meta property=\"og:title\" content=\"Legal Information - Naturalvi\" \/>\n<meta property=\"og:description\" content=\"Legal information about Naturalvi :\" \/>\n<meta property=\"og:url\" content=\"https:\/\/www.naturalvi.com\/en\/legal-information\/\" \/>\n<meta property=\"og:site_name\" content=\"Naturalvi\" \/>\n<meta property=\"article:publisher\" content=\"https:\/\/www.facebook.com\/naturalviSARL\/\" \/>\n<meta property=\"article:modified_time\" content=\"2024-06-27T13:45:13+00:00\" \/>\n<meta name=\"twitter:card\" content=\"summary_large_image\" \/>\n<meta name=\"twitter:label1\" content=\"Est. reading time\" \/>\n\t<meta name=\"twitter:data1\" content=\"5 minutes\" \/>\n<script type=\"application\/ld+json\" class=\"yoast-schema-graph\">{\"@context\":\"https:\\\/\\\/schema.org\",\"@graph\":[{\"@type\":\"WebPage\",\"@id\":\"https:\\\/\\\/www.naturalvi.com\\\/en\\\/legal-information\\\/\",\"url\":\"https:\\\/\\\/www.naturalvi.com\\\/en\\\/legal-information\\\/\",\"name\":\"Legal Information - Naturalvi\",\"isPartOf\":{\"@id\":\"https:\\\/\\\/www.naturalvi.com\\\/#website\"},\"datePublished\":\"2024-04-08T13:02:04+00:00\",\"dateModified\":\"2024-06-27T13:45:13+00:00\",\"description\":\"Legal information about Naturalvi :\",\"breadcrumb\":{\"@id\":\"https:\\\/\\\/www.naturalvi.com\\\/en\\\/legal-information\\\/#breadcrumb\"},\"inLanguage\":\"en-US\",\"potentialAction\":[{\"@type\":\"ReadAction\",\"target\":[\"https:\\\/\\\/www.naturalvi.com\\\/en\\\/legal-information\\\/\"]}]},{\"@type\":\"BreadcrumbList\",\"@id\":\"https:\\\/\\\/www.naturalvi.com\\\/en\\\/legal-information\\\/#breadcrumb\",\"itemListElement\":[{\"@type\":\"ListItem\",\"position\":1,\"name\":\"Accueil\",\"item\":\"https:\\\/\\\/www.naturalvi.com\\\/en\\\/\"},{\"@type\":\"ListItem\",\"position\":2,\"name\":\"Legal Information\"}]},{\"@type\":\"WebSite\",\"@id\":\"https:\\\/\\\/www.naturalvi.com\\\/#website\",\"url\":\"https:\\\/\\\/www.naturalvi.com\\\/\",\"name\":\"Naturalvi\",\"description\":\"\",\"publisher\":{\"@id\":\"https:\\\/\\\/www.naturalvi.com\\\/#organization\"},\"potentialAction\":[{\"@type\":\"SearchAction\",\"target\":{\"@type\":\"EntryPoint\",\"urlTemplate\":\"https:\\\/\\\/www.naturalvi.com\\\/?s={search_term_string}\"},\"query-input\":{\"@type\":\"PropertyValueSpecification\",\"valueRequired\":true,\"valueName\":\"search_term_string\"}}],\"inLanguage\":\"en-US\"},{\"@type\":\"Organization\",\"@id\":\"https:\\\/\\\/www.naturalvi.com\\\/#organization\",\"name\":\"Naturalvi\",\"url\":\"https:\\\/\\\/www.naturalvi.com\\\/\",\"logo\":{\"@type\":\"ImageObject\",\"inLanguage\":\"en-US\",\"@id\":\"https:\\\/\\\/www.naturalvi.com\\\/#\\\/schema\\\/logo\\\/image\\\/\",\"url\":\"https:\\\/\\\/www.naturalvi.com\\\/wp-content\\\/uploads\\\/2024\\\/06\\\/logo-naturalvi.png\",\"contentUrl\":\"https:\\\/\\\/www.naturalvi.com\\\/wp-content\\\/uploads\\\/2024\\\/06\\\/logo-naturalvi.png\",\"width\":333,\"height\":151,\"caption\":\"Naturalvi\"},\"image\":{\"@id\":\"https:\\\/\\\/www.naturalvi.com\\\/#\\\/schema\\\/logo\\\/image\\\/\"},\"sameAs\":[\"https:\\\/\\\/www.facebook.com\\\/naturalviSARL\\\/\",\"https:\\\/\\\/www.linkedin.com\\\/company\\\/naturalvi\\\/\"]}]}<\/script>\n<!-- \/ Yoast SEO plugin. -->","yoast_head_json":{"title":"Legal Information - Naturalvi","description":"Legal information about Naturalvi :","robots":{"index":"index","follow":"follow","max-snippet":"max-snippet:-1","max-image-preview":"max-image-preview:large","max-video-preview":"max-video-preview:-1"},"canonical":"https:\/\/www.naturalvi.com\/en\/legal-information\/","og_locale":"en_US","og_type":"article","og_title":"Legal Information - Naturalvi","og_description":"Legal information about Naturalvi :","og_url":"https:\/\/www.naturalvi.com\/en\/legal-information\/","og_site_name":"Naturalvi","article_publisher":"https:\/\/www.facebook.com\/naturalviSARL\/","article_modified_time":"2024-06-27T13:45:13+00:00","twitter_card":"summary_large_image","twitter_misc":{"Est. reading time":"5 minutes"},"schema":{"@context":"https:\/\/schema.org","@graph":[{"@type":"WebPage","@id":"https:\/\/www.naturalvi.com\/en\/legal-information\/","url":"https:\/\/www.naturalvi.com\/en\/legal-information\/","name":"Legal Information - Naturalvi","isPartOf":{"@id":"https:\/\/www.naturalvi.com\/#website"},"datePublished":"2024-04-08T13:02:04+00:00","dateModified":"2024-06-27T13:45:13+00:00","description":"Legal information about Naturalvi :","breadcrumb":{"@id":"https:\/\/www.naturalvi.com\/en\/legal-information\/#breadcrumb"},"inLanguage":"en-US","potentialAction":[{"@type":"ReadAction","target":["https:\/\/www.naturalvi.com\/en\/legal-information\/"]}]},{"@type":"BreadcrumbList","@id":"https:\/\/www.naturalvi.com\/en\/legal-information\/#breadcrumb","itemListElement":[{"@type":"ListItem","position":1,"name":"Accueil","item":"https:\/\/www.naturalvi.com\/en\/"},{"@type":"ListItem","position":2,"name":"Legal Information"}]},{"@type":"WebSite","@id":"https:\/\/www.naturalvi.com\/#website","url":"https:\/\/www.naturalvi.com\/","name":"Naturalvi","description":"","publisher":{"@id":"https:\/\/www.naturalvi.com\/#organization"},"potentialAction":[{"@type":"SearchAction","target":{"@type":"EntryPoint","urlTemplate":"https:\/\/www.naturalvi.com\/?s={search_term_string}"},"query-input":{"@type":"PropertyValueSpecification","valueRequired":true,"valueName":"search_term_string"}}],"inLanguage":"en-US"},{"@type":"Organization","@id":"https:\/\/www.naturalvi.com\/#organization","name":"Naturalvi","url":"https:\/\/www.naturalvi.com\/","logo":{"@type":"ImageObject","inLanguage":"en-US","@id":"https:\/\/www.naturalvi.com\/#\/schema\/logo\/image\/","url":"https:\/\/www.naturalvi.com\/wp-content\/uploads\/2024\/06\/logo-naturalvi.png","contentUrl":"https:\/\/www.naturalvi.com\/wp-content\/uploads\/2024\/06\/logo-naturalvi.png","width":333,"height":151,"caption":"Naturalvi"},"image":{"@id":"https:\/\/www.naturalvi.com\/#\/schema\/logo\/image\/"},"sameAs":["https:\/\/www.facebook.com\/naturalviSARL\/","https:\/\/www.linkedin.com\/company\/naturalvi\/"]}]}},"_links":{"self":[{"href":"https:\/\/www.naturalvi.com\/en\/wp-json\/wp\/v2\/pages\/2009","targetHints":{"allow":["GET"]}}],"collection":[{"href":"https:\/\/www.naturalvi.com\/en\/wp-json\/wp\/v2\/pages"}],"about":[{"href":"https:\/\/www.naturalvi.com\/en\/wp-json\/wp\/v2\/types\/page"}],"author":[{"embeddable":true,"href":"https:\/\/www.naturalvi.com\/en\/wp-json\/wp\/v2\/users\/2"}],"replies":[{"embeddable":true,"href":"https:\/\/www.naturalvi.com\/en\/wp-json\/wp\/v2\/comments?post=2009"}],"version-history":[{"count":2,"href":"https:\/\/www.naturalvi.com\/en\/wp-json\/wp\/v2\/pages\/2009\/revisions"}],"predecessor-version":[{"id":2363,"href":"https:\/\/www.naturalvi.com\/en\/wp-json\/wp\/v2\/pages\/2009\/revisions\/2363"}],"wp:attachment":[{"href":"https:\/\/www.naturalvi.com\/en\/wp-json\/wp\/v2\/media?parent=2009"}],"curies":[{"name":"wp","href":"https:\/\/api.w.org\/{rel}","templated":true}]}}